{"id":14,"date":"2023-12-06T18:36:07","date_gmt":"2023-12-06T18:36:07","guid":{"rendered":"https:\/\/comunidad.maryajosess.com\/?page_id=14"},"modified":"2024-01-09T22:49:13","modified_gmt":"2024-01-09T22:49:13","slug":"reglas","status":"publish","type":"page","link":"https:\/\/comunidad.maryajosess.com\/index.php\/reglas\/","title":{"rendered":"Reglas"},"content":{"rendered":"\n<p>Ofrecemos GO en Corea, Jap\u00f3n, Usa, UK y Europa. <br>Las compras se realizan a tiendas web ubicadas en cada pa\u00eds. <br>En ocasiones podemos utilizar \u00abProxy\u00bb en el pa\u00eds para las compras que no podamos realizar directamente, pero siempre ser\u00e1n en tienda web o tienda f\u00edsica. <\/p>\n\n\n\n<figure class=\"wp-block-table\"><table class=\"has-black-color has-pale-pink-background-color has-text-color has-background has-link-color has-fixed-layout\"><tbody><tr><td class=\"has-text-align-center\" data-align=\"center\"><strong>Corea<\/strong><\/td><td class=\"has-text-align-center\" data-align=\"center\"><strong>Jap\u00f3n &#8211; USA &#8211; UK &#8211; Europa<\/strong><\/td><\/tr><tr><td class=\"has-text-align-center\" data-align=\"center\">Maryajosess<br><a href=\"https:\/\/www.instagram.com\/maryajosessfromkorea\/\" target=\"_blank\" rel=\"noreferrer noopener\">@maryajosessfromkorea<\/a><\/td><td class=\"has-text-align-center\" data-align=\"center\">Julia<br><a href=\"https:\/\/www.instagram.com\/chizuru_trades_sells_go\/\">@chizuru_tr<\/a><a href=\"https:\/\/www.instagram.com\/chizuru_trades_sells_go\/\" target=\"_blank\" rel=\"noreferrer noopener\">ades_sells_go<\/a><\/td><\/tr><\/tbody><\/table><\/figure>\n\n\n\n<figure class=\"wp-block-table\"><table class=\"has-cyan-bluish-gray-background-color has-background\"><tbody><tr><td class=\"has-text-align-left\" data-align=\"left\"><strong>PAGOS<\/strong><\/td><\/tr><tr><td class=\"has-text-align-left\" data-align=\"left\">&#8211; Habr\u00e1 cuatro pagos:<br>   . &#8211; Compra del \u00edtem + env\u00edo a direcci\u00f3n coreana.<br>   . &#8211; Env\u00edo de Corea a Espa\u00f1a. Se calcular\u00e1 en base a su peso y volumen.*<br>   . &#8211; Aduana.<br>   . &#8211; Env\u00edo nacional + materiales necesarios para su correcto env\u00edo<br>&#8211; Desde el primer pago, hay que estar pendiente de todos los pagos siguientes que se generen con los env\u00edos.&nbsp;<br>&#8211; Habr\u00e1 una penalizaci\u00f3n de 0,50\u20ac por d\u00eda y por \u00edtem hasta un m\u00e1ximo de 7 d\u00edas.&nbsp;<br>&#8211; Si los pagos no se realizan en los&nbsp;plazos que se indiquen&nbsp;(grupo de WhatsApp) se pierde tanto lo reclamado como el dinero ya pagado.&nbsp;<br>&#8211; Los pagos se har\u00e1n mediante Paypal (obligatorio Family &amp; Friends), Revolut, Wise y ocasionalmente Bizum.<br>&#8211; Si no se siguen las instrucciones de pago indicadas en cada caso, se perder\u00e1 ese pago y habr\u00e1 que volver a hacerlo.<br>&#8211; Cualquier coste extra generado por un error en la realizaci\u00f3n del pago ser\u00e1 asumido por el emisor. <\/td><\/tr><\/tbody><\/table><\/figure>\n\n\n\n<figure class=\"wp-block-table\"><table class=\"has-luminous-vivid-amber-background-color has-background\"><tbody><tr><td><strong>COMUNIDAD Y WHATSAPP<\/strong><\/td><\/tr><tr><td>&#8211; Los GO se publicar\u00e1n primero en la Comunidad de WhatsApp dando preferencia a los miembros de la Comunidad.<br>&#8211; Los comunicados se har\u00e1n mediante el grupo de WhatsApp, por tanto, es necesario mantenerse en \u00e9l hasta que se reciba lo solicitado.<br>&#8211; Las novedades dentro de cada grupo se avisar\u00e1n mediante la palabra <strong>ACTUALIZACI\u00d3N<\/strong>, para facilitar su b\u00fasqueda.<br>&#8211; Las consultas relacionadas con el GO deber\u00e1n hacerse en el grupo del mismo no mediante mensaje privado, salvo que contenga informaci\u00f3n personal.<br>&#8211; Los grupos de WhatsApp no son para Off (para charlar de temas no relacionados con el GO).<br>&#8211; Los resultados de los formularios estar\u00e1n disponibles para consulta en la descripci\u00f3n del grupo de WhatsApp. <br>&#8211; Las proof de compra estar\u00e1n disponibles en la descripci\u00f3n del grupo de WhatsApp.<br>&#8211; Nos reservamos el derecho de admisi\u00f3n. Esto quiere decir que podremos sacar a quienes no se comporten correctamente, se reporten como pertenecientes a \u00abBlacklist\u00bb&#8230;<br>&#8211; No compramos para que otras personas hagan GO. Si detectamos que se est\u00e1n vendiendo \u00edtems que se han pedido con nosotras, antes incluso de que se hayan pagado en su totalidad, podremos tomar medidas que pueden suponer desde salir del go, ser miembro de nuestra particular \u00abBlacklist\u00bb o perder orden \/ privilegios de claim .<\/td><\/tr><\/tbody><\/table><\/figure>\n\n\n\n<figure class=\"wp-block-table\"><table class=\"has-light-green-cyan-background-color has-background\"><tbody><tr><td><strong>ENV\u00cdOS<\/strong><\/td><\/tr><tr><td>&#8211; El env\u00edo internacional lo prepara nuestro almac\u00e9n y verificamos a la recepci\u00f3n que est\u00e1 correcto. En caso contrario, haremos la reclamaci\u00f3n correspondiente a la tienda, esto provocar\u00e1 un retraso.&nbsp;<br>&#8211; Una vez en Espa\u00f1a, comprobaremos que est\u00e1 todo bien (los da\u00f1os que puedan producirse por un maltrato por parte de la empresa de env\u00edo podremos intentar reclamarlos econ\u00f3micamente). Con el \u00edtem da\u00f1ado se har\u00e1 sorting obligatorio.<br>&#8211; Procederemos al env\u00edo nacional todo lo protegido que sea posible. Si es da\u00f1ado por el servicio de paqueter\u00eda no podemos hacernos responsables.<br>&#8211; Desde la llegada al almac\u00e9n en el pa\u00eds correspondiente hasta nuestro domicilio en Espa\u00f1a (con proceso aduanero finalizado) suele ser de aproximadamente cuatro semanas.<\/td><\/tr><\/tbody><\/table><\/figure>\n\n\n\n<figure class=\"wp-block-table\"><table class=\"has-pale-cyan-blue-background-color has-background\"><tbody><tr><td><strong>SOLICITUD \/ CLAIM<\/strong><\/td><\/tr><tr><td>&#8211; Solicitud y pagos mediante formulario.<br>&#8211; No backout una vez pagado el \u00edtem. Se puede buscar reemplazo.<br>&#8211; El orden del claim se utilizar\u00e1 para el sorting obligatorio de POB si vienen fuera del \u00edtem sellado.<br>&#8211; El orden del claim vendr\u00e1 determinado en el propio GO, en ocasiones por orden de entrada al grupo de WhatsApp, en otras por orden de pago en el formulario o por combinaci\u00f3n de ambas.<br>&#8211; Se sigue la m\u00e1xima \u00abprimero en pagar, primero en obtener\u00bb.<\/td><\/tr><\/tbody><\/table><\/figure>\n\n\n\n<div class=\"wp-block-buttons is-content-justification-center is-layout-flex wp-container-core-buttons-is-layout-a89b3969 wp-block-buttons-is-layout-flex\">\n<div class=\"wp-block-button is-style-outline is-style-outline--1\"><a class=\"wp-block-button__link has-vivid-purple-background-color has-background wp-element-button\" href=\"https:\/\/comunidad.maryajosess.com\/\">Volver a inicio<\/a><\/div>\n<\/div>\n","protected":false},"excerpt":{"rendered":"<p>Ofrecemos GO en Corea, Jap\u00f3n, Usa, UK y Europa. Las compras se realizan a tiendas web ubicadas en cada pa\u00eds. En ocasiones podemos utilizar \u00abProxy\u00bb en el pa\u00eds para las compras que no podamos realizar directamente, pero siempre ser\u00e1n en tienda web o tienda f\u00edsica. Corea Jap\u00f3n &#8211; USA &#8211; UK &#8211; Europa Maryajosess@maryajosessfromkorea Julia@chizuru_trades_sells_go [&hellip;]<\/p>\n","protected":false},"author":1,"featured_media":0,"parent":0,"menu_order":0,"comment_status":"closed","ping_status":"closed","template":"","meta":{"footnotes":""},"class_list":["post-14","page","type-page","status-publish","hentry"],"_links":{"self":[{"href":"https:\/\/comunidad.maryajosess.com\/index.php\/wp-json\/wp\/v2\/pages\/14","targetHints":{"allow":["GET"]}}],"collection":[{"href":"https:\/\/comunidad.maryajosess.com\/index.php\/wp-json\/wp\/v2\/pages"}],"about":[{"href":"https:\/\/comunidad.maryajosess.com\/index.php\/wp-json\/wp\/v2\/types\/page"}],"author":[{"embeddable":true,"href":"https:\/\/comunidad.maryajosess.com\/index.php\/wp-json\/wp\/v2\/users\/1"}],"replies":[{"embeddable":true,"href":"https:\/\/comunidad.maryajosess.com\/index.php\/wp-json\/wp\/v2\/comments?post=14"}],"version-history":[{"count":10,"href":"https:\/\/comunidad.maryajosess.com\/index.php\/wp-json\/wp\/v2\/pages\/14\/revisions"}],"predecessor-version":[{"id":282,"href":"https:\/\/comunidad.maryajosess.com\/index.php\/wp-json\/wp\/v2\/pages\/14\/revisions\/282"}],"wp:attachment":[{"href":"https:\/\/comunidad.maryajosess.com\/index.php\/wp-json\/wp\/v2\/media?parent=14"}],"curies":[{"name":"wp","href":"https:\/\/api.w.org\/{rel}","templated":true}]}}