{"id":18,"date":"2023-12-06T18:36:36","date_gmt":"2023-12-06T18:36:36","guid":{"rendered":"https:\/\/comunidad.maryajosess.com\/?page_id=18"},"modified":"2024-12-08T17:56:58","modified_gmt":"2024-12-08T17:56:58","slug":"pedidocompartidocorea","status":"publish","type":"page","link":"https:\/\/comunidad.maryajosess.com\/index.php\/pedidocompartidocorea\/","title":{"rendered":"Pedido compartido &#8211; Corea"},"content":{"rendered":"\n<h2 class=\"wp-block-heading\">Pedido compartido Corea<\/h2>\n\n\n\n<figure class=\"wp-block-image aligncenter size-full\"><img loading=\"lazy\" decoding=\"async\" width=\"442\" height=\"546\" src=\"https:\/\/comunidad.maryajosess.com\/wp-content\/uploads\/2024\/12\/ESQUEMA.jpg\" alt=\"\" class=\"wp-image-297\" srcset=\"https:\/\/comunidad.maryajosess.com\/wp-content\/uploads\/2024\/12\/ESQUEMA.jpg 442w, https:\/\/comunidad.maryajosess.com\/wp-content\/uploads\/2024\/12\/ESQUEMA-243x300.jpg 243w\" sizes=\"auto, (max-width: 442px) 100vw, 442px\" \/><\/figure>\n\n\n\n<p>No se pueden solicitar productos de belleza, de alimentaci\u00f3n o relacionados, bater\u00edas, ni aquellos que contengan l\u00edquidos.<\/p>\n\n\n\n<p>Se tendr\u00e1 que rellenar un formulario por \u00edtem.<\/p>\n\n\n\n<div class=\"wp-block-buttons is-content-justification-center is-layout-flex wp-container-core-buttons-is-layout-a89b3969 wp-block-buttons-is-layout-flex\">\n<div class=\"wp-block-button is-style-outline is-style-outline--1\"><a class=\"wp-block-button__link has-background-color has-pale-pink-background-color has-text-color has-background has-link-color wp-element-button\" href=\"https:\/\/comunidad.maryajosess.com\/index.php\/coreapedido\/\" style=\"border-radius:36px\" rel=\"nofollow\"><strong>Funcionamiento<\/strong><\/a><\/div>\n<\/div>\n\n\n\n<div class=\"wp-block-buttons is-content-justification-center is-layout-flex wp-container-core-buttons-is-layout-a89b3969 wp-block-buttons-is-layout-flex\">\n<div class=\"wp-block-button is-style-outline is-style-outline--2\"><a class=\"wp-block-button__link has-vivid-purple-color has-pale-cyan-blue-background-color has-text-color has-background has-link-color wp-element-button\" href=\"https:\/\/docs.google.com\/spreadsheets\/d\/1tAGICSOsRtW0XgQmOAPq7Sf29ECR59X8nQqisRyDdxA\/edit?usp=sharing\" style=\"border-width:5px;border-radius:14px\" target=\"_blank\" rel=\"noreferrer noopener nofollow\"><strong>Inventario<\/strong><\/a><\/div>\n<\/div>\n\n\n\n<div class=\"wp-block-buttons is-content-justification-center is-layout-flex wp-container-core-buttons-is-layout-a89b3969 wp-block-buttons-is-layout-flex\">\n<div class=\"wp-block-button is-style-outline is-style-outline--3\"><a class=\"wp-block-button__link has-primary-color has-vivid-purple-background-color has-text-color has-background has-link-color wp-element-button\" href=\"https:\/\/forms.gle\/1f4v2CunuxQu12Xr9\" style=\"border-width:5px;border-radius:26px;padding-top:var(--wp--preset--spacing--30);padding-right:var(--wp--preset--spacing--50);padding-bottom:var(--wp--preset--spacing--30);padding-left:var(--wp--preset--spacing--50)\" target=\"_blank\" rel=\"noreferrer noopener nofollow\">Solicitud <\/a><\/div>\n\n\n\n<div class=\"wp-block-button is-style-outline is-style-outline--4\"><a class=\"wp-block-button__link has-primary-color has-vivid-purple-background-color has-text-color has-background has-link-color wp-element-button\" href=\"https:\/\/forms.gle\/ycXireBBVjaje7Je7\" style=\"border-width:5px;border-radius:26px;padding-top:var(--wp--preset--spacing--30);padding-right:var(--wp--preset--spacing--50);padding-bottom:var(--wp--preset--spacing--30);padding-left:var(--wp--preset--spacing--50)\" target=\"_blank\" rel=\"noreferrer noopener nofollow\">Pago<\/a><\/div>\n<\/div>\n\n\n\n<div class=\"wp-block-buttons is-content-justification-center is-layout-flex wp-container-core-buttons-is-layout-a89b3969 wp-block-buttons-is-layout-flex\">\n<div class=\"wp-block-button is-style-outline is-style-outline--5\"><a class=\"wp-block-button__link has-primary-color has-vivid-purple-background-color has-text-color has-background has-link-color wp-element-button\" href=\"https:\/\/forms.gle\/jVQoog62kkq3V4nPA\" style=\"border-width:5px;border-radius:26px;padding-top:var(--wp--preset--spacing--30);padding-right:var(--wp--preset--spacing--50);padding-bottom:var(--wp--preset--spacing--30);padding-left:var(--wp--preset--spacing--50)\" target=\"_blank\" rel=\" noreferrer noopener nofollow\">Env\u00edo Nacional<\/a><\/div>\n<\/div>\n\n\n\n<div class=\"wp-block-buttons is-content-justification-center is-layout-flex wp-container-core-buttons-is-layout-a89b3969 wp-block-buttons-is-layout-flex\">\n<div class=\"wp-block-button is-style-outline is-style-outline--6\"><a class=\"wp-block-button__link has-vivid-purple-background-color has-background wp-element-button\" href=\"https:\/\/comunidad.maryajosess.com\/\" rel=\" nofollow\">Volver a inicio<\/a><\/div>\n<\/div>\n\n\n\n<p><\/p>\n","protected":false},"excerpt":{"rendered":"<p>Pedido compartido Corea No se pueden solicitar productos de belleza, de alimentaci\u00f3n o relacionados, bater\u00edas, ni aquellos que contengan l\u00edquidos. Se tendr\u00e1 que rellenar un formulario por \u00edtem.<\/p>\n","protected":false},"author":1,"featured_media":0,"parent":0,"menu_order":0,"comment_status":"closed","ping_status":"closed","template":"","meta":{"footnotes":""},"class_list":["post-18","page","type-page","status-publish","hentry"],"_links":{"self":[{"href":"https:\/\/comunidad.maryajosess.com\/index.php\/wp-json\/wp\/v2\/pages\/18","targetHints":{"allow":["GET"]}}],"collection":[{"href":"https:\/\/comunidad.maryajosess.com\/index.php\/wp-json\/wp\/v2\/pages"}],"about":[{"href":"https:\/\/comunidad.maryajosess.com\/index.php\/wp-json\/wp\/v2\/types\/page"}],"author":[{"embeddable":true,"href":"https:\/\/comunidad.maryajosess.com\/index.php\/wp-json\/wp\/v2\/users\/1"}],"replies":[{"embeddable":true,"href":"https:\/\/comunidad.maryajosess.com\/index.php\/wp-json\/wp\/v2\/comments?post=18"}],"version-history":[{"count":14,"href":"https:\/\/comunidad.maryajosess.com\/index.php\/wp-json\/wp\/v2\/pages\/18\/revisions"}],"predecessor-version":[{"id":326,"href":"https:\/\/comunidad.maryajosess.com\/index.php\/wp-json\/wp\/v2\/pages\/18\/revisions\/326"}],"wp:attachment":[{"href":"https:\/\/comunidad.maryajosess.com\/index.php\/wp-json\/wp\/v2\/media?parent=18"}],"curies":[{"name":"wp","href":"https:\/\/api.w.org\/{rel}","templated":true}]}}