{"id":281,"date":"2024-12-08T03:59:07","date_gmt":"2024-12-08T03:59:07","guid":{"rendered":"https:\/\/comunidad.maryajosess.com\/?page_id=281"},"modified":"2025-12-28T21:05:37","modified_gmt":"2025-12-28T21:05:37","slug":"coreapedido","status":"publish","type":"page","link":"https:\/\/comunidad.maryajosess.com\/index.php\/coreapedido\/","title":{"rendered":"Corea Pedido"},"content":{"rendered":"\n<figure id=\"indice\" class=\"wp-block-table is-style-stripes\"><table class=\"has-secondary-color has-vivid-purple-background-color has-text-color has-background has-link-color has-fixed-layout\" style=\"border-width:17px\"><tbody><tr><td class=\"has-text-align-center\" data-align=\"center\"><strong>\u00cdndice de contenido:<\/strong><\/td><\/tr><tr><td class=\"has-text-align-center\" data-align=\"center\"><em><strong><a href=\"#pagos\">Pagos y avisos de pagos<\/a><br><a href=\"#env\u00edos\">Env\u00edos<\/a><br><a href=\"#avisos\">Actualizaciones y avisos<\/a><br><a href=\"#pruebas\">Pruebas y rese\u00f1a<\/a><br><a href=\"#penalizaciones\">Penalizaciones<\/a><br><a href=\"#formularios\">Formularios<\/a><\/strong><\/em><\/td><\/tr><\/tbody><\/table><\/figure>\n\n\n\n<p style=\"font-size:19px\"><\/p>\n\n\n\n<p><\/p>\n\n\n\n<figure id=\"pagos\" class=\"wp-block-table\"><table class=\"has-pale-cyan-blue-background-color has-background\"><tbody><tr><td class=\"has-text-align-left\" data-align=\"left\"><strong>PAGOS<\/strong> <strong>Y AVISOS DE PAGOS<\/strong><\/td><\/tr><tr><td class=\"has-text-align-left\" data-align=\"left\">&#8211; 4 pagos:<br> .-. Item + env\u00edo a la direcci\u00f3n\u00a0<br> .-. Env\u00edo a Espa\u00f1a desde Corea (el precio por kilo oscila de 11 a 14 euros)*<br> .-. Aduanas<br> .-. Env\u00edo nacional + materiales <br><br>&#8211; Desde el primer pago hay que estar pendiente de todos los pagos siguientes que se generen con los env\u00edos.\u00a0<br><br>&#8211; Plazo de 3 d\u00edas para realizar cada pago desde su comunicaci\u00f3n o deadline (fecha l\u00edmite) establecida superior.\u00a0<br><br>&#8211; No se etiqueta en los avisos de pago.\u00a0<br><br>&#8211; Habr\u00e1 una penalizaci\u00f3n de 0,50\u20ac por d\u00eda hasta un m\u00e1ximo de 7 d\u00edas.\u00a0Pasado este plazo supone la p\u00e9rdida del \u00edtem.<br><br>&#8211; El impago de uno de los pagos supondr\u00e1 la p\u00e9rdida del \u00edtem.<br><br>&#8211; Si los pagos no se realizan en los\u00a0plazos que se indiquen\u00a0(grupo de WhatsApp) se pierde tanto lo reclamado como el dinero ya pagado.\u00a0<br><br>&#8211; No backout una vez pagado el \u00edtem. Perder\u00e1s el dinero si te echas atr\u00e1s o si incumples las normas en reiteradas ocasiones.\u00a0<br><br>&#8211; M\u00e9todo de pago PayPal (Family and Friens), con tarjeta, con Revolut y, excepcionalmente y bajo consulta, Bizum. Por favor, sigue las instrucciones de pago del formulario de pago.<br><br>&#8211; A partir de enero de 2026 se premiar\u00e1 a aquellos que utilicen como medio de pago Revolut y hagan su pago de la solicitud en won.\u00a0<br><br><strong>&#8211; En los pagos hay que indicar en el concepto (cualquier m\u00e9todo de pago) el n\u00famero de tel\u00e9fono.<\/strong><br><br>&#8211; Si no se siguen las instrucciones de pago indicadas, se perder\u00e1 ese pago (p\u00e9rdida del ingreso) y habr\u00e1 que volver a hacerlo para que conste el pago realizado. Si el importe es elevado, se podr\u00e1 optar por una penalizaci\u00f3n de <strong>5 euros<\/strong>.<br><br>&#8211; Cualquier coste extra generado por un error en la realizaci\u00f3n del pago ser\u00e1 asumido por el emisor.<br><br>&#8211; Se sigue la regla de primero en pagar, primero en obtener. No se har\u00e1 compra si no se ha pagado primero.<br><br>&#8211; Para los pagos (incluida la solicitud) se har\u00e1n en un\u00a0formulario separado\u00a0para tener la calma suficiente y no cometer errores. No contar\u00e1 el ingreso sin este formulario.<br><br>&#8211; Se puede realizar el pago de varios \u00edtems a la vez siempre que en importe se ponga el desglose de la suma (Ejemplo: 20 + 5 + 14,50)<\/td><\/tr><\/tbody><\/table><\/figure>\n\n\n\n<div class=\"wp-block-buttons is-content-justification-center is-layout-flex wp-container-core-buttons-is-layout-a89b3969 wp-block-buttons-is-layout-flex\">\n<div class=\"wp-block-button is-style-outline is-style-outline--1\"><a class=\"wp-block-button__link has-black-color has-vivid-purple-background-color has-text-color has-background has-link-color wp-element-button\" href=\"#indice\">Subir a \u00edndice<\/a><\/div>\n<\/div>\n\n\n\n<figure class=\"wp-block-table\"><table class=\"has-light-green-cyan-background-color has-background has-fixed-layout\"><tbody><tr><td><strong>ENV\u00cdOS<\/strong><\/td><\/tr><tr><td>&#8211; El env\u00edo internacional lo prepara el almac\u00e9n y verifico a la recepci\u00f3n que est\u00e1 correcto. En caso contrario, har\u00e9 la reclamaci\u00f3n correspondiente a la tienda.<br><br>&#8211; Una vez en Espa\u00f1a, comprobar\u00e9 que est\u00e1 todo bien (no soy responsable de los da\u00f1os que puedan producirse por un maltrato por parte de la empresa de env\u00edo). En caso de llegada de los \u00edtems con alg\u00fan defecto por el env\u00edo, puedo intentar reclamar, pero en la mayor parte de los casos no hay respuesta. Si es un \u00edtem que es compartido por varias personas, se enviar\u00e1 aleatoriamente.<br><br>&#8211; El env\u00edo nacional ir\u00e1 todo lo protegido que sea posible. Si es da\u00f1ado por el servicio de paqueter\u00eda en Espa\u00f1a no puedo hacerme responsable. No obstante, podemos iniciar una reclamaci\u00f3n. Para ello es importante que se haga fotograf\u00eda del exterior y del interior y comunicarlo en las primeras 24 horas de su recepci\u00f3n.<br><br>&#8211; No se podr\u00e1 acumular env\u00edo nacional en Espa\u00f1a con pedidos realizados en la COMUNIDAD en Jap\u00f3n o USA o con otra GOM. Solo son acumulables los pedidos realizados en Corea Pedido o en cualquiera de los GO que gestiono directamente.<br><br>&#8211; Todo \u00edtem cuyo volumen o peso sea muy peque\u00f1o tendr\u00e1 un m\u00ednimo de 1\u20ac de env\u00edo internacional y 1\u20ac de aduana.<br><br>&#8211; Todo env\u00edo que contenga m\u00e1s de un \u00edtem o pese m\u00e1s de un kilo se enviar\u00e1 por IPAQ. Un solo \u00edtem o inferior a un kilo se podr\u00e1 elegir entre IPAQ e INPOST (<a href=\"https:\/\/comunidad.maryajosess.com\/index.php\/envionacional\/\" target=\"_blank\" rel=\"noreferrer noopener nofollow\">m\u00e1s informaci\u00f3n<\/a>).<br><br>&#8211; Se permite acumular pedidos (si tienes algo m\u00e1s de Corea) y env\u00edo conjunto (si varias amigas tienen \u00edtems y prefieren compartir el gasto de env\u00edo nacional).<br><br>&#8211; Cuando se haya pagado la aduana se pedir\u00e1 rellenar el formulario de env\u00edo nacional para conocer los \u00edtems que se a\u00f1adir\u00e1n en \u00e9l o si se comparte env\u00edo con amigos.<\/td><\/tr><\/tbody><\/table><\/figure>\n\n\n\n<div class=\"wp-block-buttons is-content-justification-center is-layout-flex wp-container-core-buttons-is-layout-a89b3969 wp-block-buttons-is-layout-flex\">\n<div class=\"wp-block-button is-style-outline is-style-outline--2\"><a class=\"wp-block-button__link has-black-color has-vivid-purple-background-color has-text-color has-background has-link-color wp-element-button\" href=\"#indice\">Subir a \u00edndice<\/a><\/div>\n<\/div>\n\n\n\n<figure id=\"avisos\" class=\"wp-block-table\"><table class=\"has-pale-pink-background-color has-background\"><tbody><tr><td><strong>ACTUALIZACIONES Y AVISOS<\/strong><\/td><\/tr><tr><td>&#8211; Las actualizaciones se har\u00e1n mediante el grupo de WhatsApp e iniciar\u00e1n siempre con ACTUALIZACI\u00d3N.<br><br>&#8211; Es necesario mantenerse en el grupo al menos hasta que se reciba el \u00edtem.<br><br>&#8211; Las consultas deber\u00e1n hacerse en el mismo grupo, salvo que contenga informaci\u00f3n personal. Hay que evitar mensajes privados.<br><br>&#8211; Se podr\u00e1 consultar en todo momento el estado \/ importe pendiente en Inventario.<br><br>&#8211; Cada quien es responsable de sus \u00edtems y de estar al d\u00eda del pago de cada uno de ellos.<br><br>&#8211; No es obligatorio etiquetar a la\/s persona\/s que tienen algo pendiente. Las comunicaciones se har\u00e1n atendiendo a los iconos establecidos en el Inventario para evitar el etiquetado.<\/td><\/tr><\/tbody><\/table><\/figure>\n\n\n\n<div class=\"wp-block-buttons is-content-justification-center is-layout-flex wp-container-core-buttons-is-layout-a89b3969 wp-block-buttons-is-layout-flex\">\n<div class=\"wp-block-button is-style-outline is-style-outline--3\"><a class=\"wp-block-button__link has-black-color has-vivid-purple-background-color has-text-color has-background has-link-color wp-element-button\" href=\"#indice\">Subir a \u00edndice<\/a><\/div>\n<\/div>\n\n\n\n<figure id=\"pruebas\" class=\"wp-block-table\"><table class=\"has-luminous-vivid-amber-background-color has-background\"><tbody><tr><td><strong>PRUEBAS \/ PROOF Y RESE\u00d1A<\/strong><\/td><\/tr><tr><td>&#8211; Una vez finalizado es recomendable compartir tu prueba (proof). Para etiquetar proof:<br><br><a href=\"https:\/\/www.instagram.com\/maryajosessfromkorea?igsh=dTY4c2F3YTZ2dXV2%20%20%20Publicaci%C3%B3n%20para%20dejar%20tu%20review%20(rese%C3%B1a)%20sobre%20tu%20experiencia%20en%20el%20go:%20%20https:\/\/www.instagram.com\/p\/C2hEJ2lgb3T\/?igsh=MTQxenczc2x2eGs0NQ==\">Instagram @maryajosessfromkorea<\/a><br><br><a href=\"https:\/\/www.instagram.com\/p\/C2hEJ2lgb3T\/?igsh=MTQxenczc2x2eGs0NQ==\">Publicaci\u00f3n para dejar tu review (rese\u00f1a) sobre tu experiencia<\/a><\/td><\/tr><\/tbody><\/table><\/figure>\n\n\n\n<div class=\"wp-block-buttons is-content-justification-center is-layout-flex wp-container-core-buttons-is-layout-a89b3969 wp-block-buttons-is-layout-flex\">\n<div class=\"wp-block-button is-style-outline is-style-outline--4\"><a class=\"wp-block-button__link has-black-color has-vivid-purple-background-color has-text-color has-background has-link-color wp-element-button\" href=\"#indice\">Subir a \u00edndice<\/a><\/div>\n<\/div>\n\n\n\n<figure id=\"penalizaciones\" class=\"wp-block-table\"><table class=\"has-black-color has-vivid-red-background-color has-text-color has-background has-link-color\"><tbody><tr><td><strong>PENALIZACIONES<\/strong><\/td><\/tr><tr><td>&#8211; El retraso en cualquiera de los pagos, pasados los tres d\u00edas o la deadline superior, supone una penalizaci\u00f3n de 0,50\u20ac por d\u00eda hasta un m\u00e1ximo de 7 d\u00edas.&nbsp;El octavo d\u00eda supone la p\u00e9rdida del dinero entregado y del \u00edtem.<br><br>&#8211; El impago de uno de los pagos supondr\u00e1 la p\u00e9rdida del \u00edtem y del dinero entregado.<br><br>&#8211; No backout una vez pagado el \u00edtem. Perder\u00e1s el dinero si te echas atr\u00e1s.<br><br>&#8211; El incumplimiento de las normas en reiteradas ocasiones podr\u00e1 suponer la p\u00e9rdida del \u00edtem y del dinero entregado.<br><br>&#8211; Si no se siguen las instrucciones de pago indicadas, se perder\u00e1 ese pago (p\u00e9rdida del ingreso) y habr\u00e1 que volver a hacerlo para que conste el pago realizado. Si el importe es elevado, se podr\u00e1 optar por una penalizaci\u00f3n de 5 euros. Es importante no olvidar indicar en el ingreso el n\u00famero de tel\u00e9fono.<\/td><\/tr><\/tbody><\/table><\/figure>\n\n\n\n<div class=\"wp-block-buttons is-content-justification-center is-layout-flex wp-container-core-buttons-is-layout-a89b3969 wp-block-buttons-is-layout-flex\">\n<div class=\"wp-block-button is-style-outline is-style-outline--5\"><a class=\"wp-block-button__link has-black-color has-vivid-purple-background-color has-text-color has-background has-link-color wp-element-button\" href=\"#indice\">Subir a \u00edndice<\/a><\/div>\n<\/div>\n\n\n\n<figure id=\"formularios\" class=\"wp-block-table\"><table class=\"has-black-color has-cyan-bluish-gray-background-color has-text-color has-background has-link-color\"><tbody><tr><td><strong>FORMULARIOS<\/strong><\/td><\/tr><tr><td>&#8211; Existen siempre dos formularios: de solicitud y de pago.<br><br>&#8211; El formulario de solicitud tiene dos variantes: <br>.-. Corea Pedido: es una solicitud gen\u00e9rica para pedir cualquier \u00edtem que pueda comprarse en Corea, excepto cosm\u00e9tica, alimentaci\u00f3n y derivados, aquello que pueda contener l\u00edquidos y bater\u00edas. Este formulario se puede utilizar para saber el precio de un \u00edtem. No es vinculante (si el precio no interesa, o no se llega a realizar el pago).<br>.-. Incluida en un GO: es una solicitud espec\u00edfica que contiene el precio e \u00edtems propios de ese GO.<br><br>&#8211; El formulario de pago es un \u00fanico formulario que sirve para hacer cualquiera de los 4 pagos que conllevan una solicitud. Este formulario es vinculante. Una vez recibido este formulario y su pago se adquiere el compromiso de realizar los pagos restantes o supondr\u00e1 la p\u00e9rdida del dinero y del \u00edtem.<\/td><\/tr><\/tbody><\/table><\/figure>\n\n\n\n<div class=\"wp-block-buttons is-content-justification-center is-layout-flex wp-container-core-buttons-is-layout-a89b3969 wp-block-buttons-is-layout-flex\">\n<div class=\"wp-block-button is-style-outline is-style-outline--6\"><a class=\"wp-block-button__link has-primary-color has-vivid-purple-background-color has-text-color has-background has-link-color wp-element-button\" href=\"https:\/\/forms.gle\/1f4v2CunuxQu12Xr9\" style=\"border-width:5px;border-radius:26px;padding-top:var(--wp--preset--spacing--30);padding-right:var(--wp--preset--spacing--50);padding-bottom:var(--wp--preset--spacing--30);padding-left:var(--wp--preset--spacing--50)\" target=\"_blank\" rel=\"noreferrer noopener\">Solicitud <\/a><\/div>\n\n\n\n<div class=\"wp-block-button is-style-outline is-style-outline--7\"><a class=\"wp-block-button__link has-primary-color has-vivid-purple-background-color has-text-color has-background has-link-color wp-element-button\" href=\"https:\/\/forms.gle\/ycXireBBVjaje7Je7\" style=\"border-width:5px;border-radius:26px;padding-top:var(--wp--preset--spacing--30);padding-right:var(--wp--preset--spacing--50);padding-bottom:var(--wp--preset--spacing--30);padding-left:var(--wp--preset--spacing--50)\" target=\"_blank\" rel=\"noreferrer noopener\">Pago<\/a><\/div>\n<\/div>\n\n\n\n<div class=\"wp-block-buttons is-content-justification-center is-layout-flex wp-container-core-buttons-is-layout-a89b3969 wp-block-buttons-is-layout-flex\">\n<div class=\"wp-block-button is-style-outline is-style-outline--8\"><a class=\"wp-block-button__link has-primary-color has-vivid-purple-background-color has-text-color has-background has-link-color wp-element-button\" href=\"https:\/\/forms.gle\/jVQoog62kkq3V4nPA\" style=\"border-width:5px;border-radius:26px;padding-top:var(--wp--preset--spacing--30);padding-right:var(--wp--preset--spacing--50);padding-bottom:var(--wp--preset--spacing--30);padding-left:var(--wp--preset--spacing--50)\" target=\"_blank\" rel=\"noreferrer noopener nofollow\">Env\u00edo Nacional<\/a><\/div>\n<\/div>\n\n\n\n<div class=\"wp-block-buttons is-content-justification-center is-layout-flex wp-container-core-buttons-is-layout-a89b3969 wp-block-buttons-is-layout-flex\">\n<div class=\"wp-block-button is-style-outline is-style-outline--9\"><a class=\"wp-block-button__link has-black-color has-vivid-purple-background-color has-text-color has-background has-link-color wp-element-button\" href=\"#indice\">Subir a \u00edndice<\/a><\/div>\n<\/div>\n\n\n\n<div class=\"wp-block-buttons is-content-justification-center is-layout-flex wp-container-core-buttons-is-layout-a89b3969 wp-block-buttons-is-layout-flex\">\n<div class=\"wp-block-button is-style-outline is-style-outline--10\"><a class=\"wp-block-button__link has-vivid-purple-color has-pale-cyan-blue-background-color has-text-color has-background has-link-color wp-element-button\" href=\"https:\/\/docs.google.com\/spreadsheets\/d\/1tAGICSOsRtW0XgQmOAPq7Sf29ECR59X8nQqisRyDdxA\/edit?usp=sharing\" style=\"border-width:5px;border-radius:14px\">Inventario<\/a><\/div>\n<\/div>\n\n\n\n<div class=\"wp-block-buttons is-content-justification-center is-layout-flex wp-container-core-buttons-is-layout-a89b3969 wp-block-buttons-is-layout-flex\">\n<div class=\"wp-block-button is-style-outline is-style-outline--11\"><a class=\"wp-block-button__link has-vivid-purple-background-color has-background wp-element-button\" href=\"https:\/\/comunidad.maryajosess.com\/\">Volver a inicio<\/a><\/div>\n<\/div>\n\n\n\n<p><\/p>\n","protected":false},"excerpt":{"rendered":"<p>\u00cdndice de contenido: Pagos y avisos de pagosEnv\u00edosActualizaciones y avisosPruebas y rese\u00f1aPenalizacionesFormularios PAGOS Y AVISOS DE PAGOS &#8211; 4 pagos: .-. Item + env\u00edo a la direcci\u00f3n\u00a0 .-. Env\u00edo a Espa\u00f1a desde Corea (el precio por kilo oscila de 11 a 14 euros)* .-. Aduanas .-. Env\u00edo nacional + materiales &#8211; Desde el primer pago [&hellip;]<\/p>\n","protected":false},"author":1,"featured_media":0,"parent":0,"menu_order":0,"comment_status":"closed","ping_status":"closed","template":"","meta":{"footnotes":""},"class_list":["post-281","page","type-page","status-publish","hentry"],"_links":{"self":[{"href":"https:\/\/comunidad.maryajosess.com\/index.php\/wp-json\/wp\/v2\/pages\/281","targetHints":{"allow":["GET"]}}],"collection":[{"href":"https:\/\/comunidad.maryajosess.com\/index.php\/wp-json\/wp\/v2\/pages"}],"about":[{"href":"https:\/\/comunidad.maryajosess.com\/index.php\/wp-json\/wp\/v2\/types\/page"}],"author":[{"embeddable":true,"href":"https:\/\/comunidad.maryajosess.com\/index.php\/wp-json\/wp\/v2\/users\/1"}],"replies":[{"embeddable":true,"href":"https:\/\/comunidad.maryajosess.com\/index.php\/wp-json\/wp\/v2\/comments?post=281"}],"version-history":[{"count":19,"href":"https:\/\/comunidad.maryajosess.com\/index.php\/wp-json\/wp\/v2\/pages\/281\/revisions"}],"predecessor-version":[{"id":406,"href":"https:\/\/comunidad.maryajosess.com\/index.php\/wp-json\/wp\/v2\/pages\/281\/revisions\/406"}],"wp:attachment":[{"href":"https:\/\/comunidad.maryajosess.com\/index.php\/wp-json\/wp\/v2\/media?parent=281"}],"curies":[{"name":"wp","href":"https:\/\/api.w.org\/{rel}","templated":true}]}}